{"id":948,"date":"2022-09-29T14:32:03","date_gmt":"2022-09-29T14:32:03","guid":{"rendered":"https:\/\/www.rtsreklam.com.tr\/tr\/?post_type=product&#038;p=948"},"modified":"2022-09-29T14:40:50","modified_gmt":"2022-09-29T14:40:50","slug":"ps-a-pano","status":"publish","type":"product","link":"https:\/\/www.rtsreklam.com.tr\/tr\/product\/ps-a-pano\/","title":{"rendered":"PS &#8211; A Pano"},"content":{"rendered":"<p>Kap\u0131 \u00f6n\u00fc panolar\u0131\u00a0ma\u011faza, ofis, i\u015fletme, kurum ve kurulu\u015flar\u0131n \u00f6n\u00fcne konulan tan\u0131t\u0131m ve reklam ama\u00e7l\u0131 kullan\u0131lan levhalard\u0131r. Genellikle her iki taraftan gelen ki\u015filere de hitap etmek i\u00e7in \u00e7ift y\u00f6nl\u00fc olarak \u00fcretim yap\u0131lmaktad\u0131r. Reklamc\u0131l\u0131kta ve tan\u0131t\u0131mda afi\u015f \u00e7er\u00e7eveleriyle birlikte en \u00e7ok kullan\u0131lan \u00fcr\u00fcnler aras\u0131ndad\u0131r. Farkl\u0131 \u00e7e\u015fitleri olan panolar\u0131n sekt\u00f6rel uyum g\u00fcc\u00fc olduk\u00e7a y\u00fcksektir.<\/p>\n","protected":false},"excerpt":{"rendered":"<p>\u2022 PS yaz\u0131 tahtas\u0131 ve poster Apano.<br \/>\n\u2022 \u0130\u00e7 mekan \/ d\u0131\u015f mekan kullan\u0131ma uygundur.<br \/>\n\u2022 Sade plastik bir kald\u0131r\u0131m panosu olarak tasarlanm\u0131\u015ft\u0131r.<br \/>\n\u2022 \u00c7ift tarafl\u0131d\u0131r. Polistren malzemeden yap\u0131lm\u0131\u015ft\u0131r.<br \/>\n\u2022 Tebe\u015fir ve subazl\u0131 yaz\u0131ma uygun olup, kolayca silinmektedir.<br \/>\n\u2022 Dijital bask\u0131 ve folyo uygulamalar\u0131na uygundur.<br \/>\n\u2022 StandaRt \u00f6l\u00e7\u00fclerde mevcut \u00fcretim yap\u0131lmakta olup, iste\u011fe ba\u011fl\u0131 olarak \u00f6zel \u00f6l\u00e7\u00fc yap\u0131lmaktad\u0131r.<br \/>\n\u2022 Tekli paketleme ve kolay kurulum kullan\u0131lmaktad\u0131r.<br \/>\n\u2022 Projeli i\u015flerde \u00f6zel renk yap\u0131labilir.<\/p>\n","protected":false},"featured_media":953,"template":"","meta":[],"product_cat":[44],"product_tag":[29],"class_list":["post-948","product","type-product","status-publish","has-post-thumbnail","hentry","product_cat-pavement-signs","product_tag-ral-colors"],"acf":[],"_links":{"self":[{"href":"https:\/\/www.rtsreklam.com.tr\/tr\/wp-json\/wp\/v2\/product\/948","targetHints":{"allow":["GET"]}}],"collection":[{"href":"https:\/\/www.rtsreklam.com.tr\/tr\/wp-json\/wp\/v2\/product"}],"about":[{"href":"https:\/\/www.rtsreklam.com.tr\/tr\/wp-json\/wp\/v2\/types\/product"}],"wp:featuredmedia":[{"embeddable":true,"href":"https:\/\/www.rtsreklam.com.tr\/tr\/wp-json\/wp\/v2\/media\/953"}],"wp:attachment":[{"href":"https:\/\/www.rtsreklam.com.tr\/tr\/wp-json\/wp\/v2\/media?parent=948"}],"wp:term":[{"taxonomy":"product_cat","embeddable":true,"href":"https:\/\/www.rtsreklam.com.tr\/tr\/wp-json\/wp\/v2\/product_cat?post=948"},{"taxonomy":"product_tag","embeddable":true,"href":"https:\/\/www.rtsreklam.com.tr\/tr\/wp-json\/wp\/v2\/product_tag?post=948"}],"curies":[{"name":"wp","href":"https:\/\/api.w.org\/{rel}","templated":true}]}}