{"id":757,"date":"2022-09-27T14:32:41","date_gmt":"2022-09-27T14:32:41","guid":{"rendered":"https:\/\/www.rtsreklam.com.tr\/tr\/?post_type=product&#038;p=757"},"modified":"2025-07-21T09:46:08","modified_gmt":"2025-07-21T09:46:08","slug":"25mm-poster-cerceve","status":"publish","type":"product","link":"https:\/\/www.rtsreklam.com.tr\/tr\/product\/25mm-poster-cerceve\/","title":{"rendered":"25mm Poster \u00c7er\u00e7eve"},"content":{"rendered":"<p>\u00c7er\u00e7eveler\u00a0sekt\u00f6r fark etmeksizin bir i\u015fletmenin, kurumun ya da kurulu\u015fun tan\u0131t\u0131mlar\u0131nda kullan\u0131lmaktad\u0131r.\u00a0Posterler\u00a0markan\u0131z\u0131, logonuzu, mesajlar\u0131n\u0131z\u0131 ve promosyonlar\u0131n\u0131z\u0131 hedef kitlenize iletmeye yarayan\u00a0ara\u00e7lard\u0131r. Do\u011fru bir\u00a0poster\u00a0tasar\u0131m\u0131 kadar, posterlerinizi nas\u0131l sergiledi\u011finiz de dikkat \u00e7ekmesi i\u00e7in en \u00f6nemli etkenlerdendir.<\/p>\n","protected":false},"excerpt":{"rendered":"<p>\u2022 Standart \u00fcretim E6EV1 mat eloksal kaplamal\u0131d\u0131r.<br \/>\n\u2022 \u00d6zel ebatlarda \u00fcretime uygundur.<br \/>\n\u2022 \u00dcr\u00fcnlerde montaj i\u00e7in vidalar ve d\u00fcbeller bulunur.<br \/>\n\u2022 \u0130ste\u011fe ba\u011fl\u0131 olarak montaj i\u00e7in \u00e7ift tarafl\u0131 bant mevcuttur.<br \/>\n\u2022 \u0130ste\u011fe g\u00f6re standart RAL renklerinde \u00fcretilebilmektedir.<br \/>\n\u2022 \u00dcr\u00fcnler standart olarak tekli paketlenir ancak iste\u011fe ba\u011fl\u0131 olarak \u00e7oklu paketlenebilir.<\/p>\n","protected":false},"featured_media":1768,"template":"","meta":[],"product_cat":[43],"product_tag":[31,29,28],"class_list":["post-757","product","type-product","status-publish","has-post-thumbnail","hentry","product_cat-frames","product_tag-tape","product_tag-ral-colors","product_tag-screw"],"acf":[],"_links":{"self":[{"href":"https:\/\/www.rtsreklam.com.tr\/tr\/wp-json\/wp\/v2\/product\/757","targetHints":{"allow":["GET"]}}],"collection":[{"href":"https:\/\/www.rtsreklam.com.tr\/tr\/wp-json\/wp\/v2\/product"}],"about":[{"href":"https:\/\/www.rtsreklam.com.tr\/tr\/wp-json\/wp\/v2\/types\/product"}],"wp:featuredmedia":[{"embeddable":true,"href":"https:\/\/www.rtsreklam.com.tr\/tr\/wp-json\/wp\/v2\/media\/1768"}],"wp:attachment":[{"href":"https:\/\/www.rtsreklam.com.tr\/tr\/wp-json\/wp\/v2\/media?parent=757"}],"wp:term":[{"taxonomy":"product_cat","embeddable":true,"href":"https:\/\/www.rtsreklam.com.tr\/tr\/wp-json\/wp\/v2\/product_cat?post=757"},{"taxonomy":"product_tag","embeddable":true,"href":"https:\/\/www.rtsreklam.com.tr\/tr\/wp-json\/wp\/v2\/product_tag?post=757"}],"curies":[{"name":"wp","href":"https:\/\/api.w.org\/{rel}","templated":true}]}}