{"id":373,"date":"2022-09-21T16:50:01","date_gmt":"2022-09-21T16:50:01","guid":{"rendered":"https:\/\/rtsreklam.com.tr\/tr\/?post_type=product&#038;p=373"},"modified":"2024-04-09T21:31:25","modified_gmt":"2024-04-09T21:31:25","slug":"acryled-single-sided","status":"publish","type":"product","link":"https:\/\/www.rtsreklam.com.tr\/tr\/product\/acryled-single-sided\/","title":{"rendered":"AkriLED Tek Tarafl\u0131"},"content":{"rendered":"<p>I\u015f\u0131kl\u0131 \u00fcr\u00fcnler\u00a0ayd\u0131nlatma sistemi d\u00f6\u015fenmi\u015f bir\u00e7ok tan\u0131t\u0131m ve reklamc\u0131l\u0131k \u00fcr\u00fcn\u00fcn\u00fcn genel ad\u0131d\u0131r. I\u015f\u0131kl\u0131 \u00fcr\u00fcnlerin ayd\u0131nlatmas\u0131\u00a0LED \u0131\u015f\u0131klar\u00a0 yoluyla ger\u00e7ekle\u015fir. Rakipler aras\u0131ndan \u00f6ne \u00e7\u0131kmak i\u00e7in kullan\u0131m\u0131 yayg\u0131nla\u015fmaya ba\u015flayan \u0131\u015f\u0131kl\u0131 \u00fcr\u00fcnlere bir\u00e7ok alanda ba\u015fvurulmaktad\u0131r.<\/p>\n","protected":false},"excerpt":{"rendered":"<p>\u2022 LED sistemi ile ayd\u0131nlat\u0131lm\u0131\u015ft\u0131r. Di\u011fer ayd\u0131nlatma y\u00f6ntemlerine oranla %60\u2019a varan enerji tasarrufu sa\u011flar.<br \/>\n\u2022 12 V DC adapt\u00f6r ile \u00e7al\u0131\u015fmaktad\u0131r.<br \/>\n\u2022 \u00dcr\u00fcn CE Sertifikas\u0131na sahiptir.<br \/>\n\u2022 \u0130\u00e7 mek\u00e2n kullan\u0131ma uygundur.<br \/>\n\u2022 Manyetik cepler sayesinde posterler kolayca de\u011fi\u015ftirilebilir.<br \/>\n\u2022 Kullan\u0131lan lazer tarama y\u00f6ntemi ile homojen ayd\u0131nlatma sa\u011flanm\u0131\u015ft\u0131r.<br \/>\n\u2022 Gerekli montaj seti paket i\u00e7erisinde mevcut olup, kolayca uygun yerlere montaj yap\u0131labilecektir.<br \/>\n\u2022 \u015eeffaf akrilik malzeme ile \u00fcretimi sayesinde \u015f\u0131k bir g\u00f6r\u00fcnt\u00fcye sahiptir.<br \/>\n\u2022 \u0130ste\u011fe g\u00f6re renkli \u00e7er\u00e7eve k\u0131sm\u0131 farkl\u0131 renklerde yap\u0131labilir.<br \/>\n\u2022 \u00d6zel \u00f6l\u00e7\u00fclerde \u00fcretime uygundur<\/p>\n","protected":false},"featured_media":382,"template":"","meta":[],"product_cat":[42],"product_tag":[33,30,29,32,27,28],"class_list":["post-373","product","type-product","status-publish","has-post-thumbnail","hentry","product_cat-illuminated-products","product_tag-led","product_tag-magnetic","product_tag-ral-colors","product_tag-transparent","product_tag-waterproof","product_tag-screw"],"acf":[],"_links":{"self":[{"href":"https:\/\/www.rtsreklam.com.tr\/tr\/wp-json\/wp\/v2\/product\/373","targetHints":{"allow":["GET"]}}],"collection":[{"href":"https:\/\/www.rtsreklam.com.tr\/tr\/wp-json\/wp\/v2\/product"}],"about":[{"href":"https:\/\/www.rtsreklam.com.tr\/tr\/wp-json\/wp\/v2\/types\/product"}],"wp:featuredmedia":[{"embeddable":true,"href":"https:\/\/www.rtsreklam.com.tr\/tr\/wp-json\/wp\/v2\/media\/382"}],"wp:attachment":[{"href":"https:\/\/www.rtsreklam.com.tr\/tr\/wp-json\/wp\/v2\/media?parent=373"}],"wp:term":[{"taxonomy":"product_cat","embeddable":true,"href":"https:\/\/www.rtsreklam.com.tr\/tr\/wp-json\/wp\/v2\/product_cat?post=373"},{"taxonomy":"product_tag","embeddable":true,"href":"https:\/\/www.rtsreklam.com.tr\/tr\/wp-json\/wp\/v2\/product_tag?post=373"}],"curies":[{"name":"wp","href":"https:\/\/api.w.org\/{rel}","templated":true}]}}