{"id":368,"date":"2022-09-21T16:49:16","date_gmt":"2022-09-21T16:49:16","guid":{"rendered":"https:\/\/rtsreklam.com.tr\/tr\/?post_type=product&#038;p=368"},"modified":"2024-01-12T16:40:45","modified_gmt":"2024-01-12T16:40:45","slug":"arcylic-convex-menu-board","status":"publish","type":"product","link":"https:\/\/www.rtsreklam.com.tr\/tr\/product\/arcylic-convex-menu-board\/","title":{"rendered":"Akrilik Konveks Men\u00fc Pano"},"content":{"rendered":"<p>Poster stantlar\u0131\u00a0grafiklerinizi, g\u00f6rsellerinizi, afi\u015flerinizi sergilemek i\u00e7in kullan\u0131lan \u00fcr\u00fcnlerin genel ad\u0131d\u0131r. Bu \u00fcr\u00fcnler bilgi, duruyu, mesaj, reklam, kampanya, tan\u0131t\u0131m ve promosyonlar\u0131 en etkili \u015fekilde sergilemek i\u00e7in kullan\u0131lmaktad\u0131r.\u00a0Afi\u015f stantlar\u0131\u00a0bir\u00e7ok g\u00f6rselin sergilenmesini sa\u011flad\u0131\u011f\u0131 i\u00e7in sekt\u00f6r s\u0131n\u0131rland\u0131rmas\u0131 bulundurmaz.<\/p>\n","protected":false},"excerpt":{"rendered":"<p>\u2022 Standart \u00fcr\u00fcn rengi RAL 9006\u2019d\u0131r.<br \/>\n\u2022 \u00dcr\u00fcn\u00fcn tamam\u0131 metal olarak \u00fcretilmi\u015ftir.<br \/>\n\u2022 Akrilik cep veya a\u00e7\u0131l\u0131r kapan\u0131r \u00e7er\u00e7eve sayesinde poster rahat\u00e7a de\u011fi\u015ftirilebilir.<br \/>\n\u2022 \u0130ste\u011fe g\u00f6re standart RAL renklerinde \u00fcretilebilmektedir.<br \/>\n\u2022 \u00dcr\u00fcn demonte sevk olur, kolay kurulum \u00f6zelli\u011fine sahiptir.<br \/>\n\u2022 Logo alan\u0131na folyo uygulanabilir.<br \/>\n\u2022 Standart \u00fcr\u00fcnler tekli olarak paketlenir<\/p>\n","protected":false},"featured_media":421,"template":"","meta":[],"product_cat":[47],"product_tag":[29],"class_list":["post-368","product","type-product","status-publish","has-post-thumbnail","hentry","product_cat-poster-stands","product_tag-ral-colors"],"acf":[],"_links":{"self":[{"href":"https:\/\/www.rtsreklam.com.tr\/tr\/wp-json\/wp\/v2\/product\/368","targetHints":{"allow":["GET"]}}],"collection":[{"href":"https:\/\/www.rtsreklam.com.tr\/tr\/wp-json\/wp\/v2\/product"}],"about":[{"href":"https:\/\/www.rtsreklam.com.tr\/tr\/wp-json\/wp\/v2\/types\/product"}],"wp:featuredmedia":[{"embeddable":true,"href":"https:\/\/www.rtsreklam.com.tr\/tr\/wp-json\/wp\/v2\/media\/421"}],"wp:attachment":[{"href":"https:\/\/www.rtsreklam.com.tr\/tr\/wp-json\/wp\/v2\/media?parent=368"}],"wp:term":[{"taxonomy":"product_cat","embeddable":true,"href":"https:\/\/www.rtsreklam.com.tr\/tr\/wp-json\/wp\/v2\/product_cat?post=368"},{"taxonomy":"product_tag","embeddable":true,"href":"https:\/\/www.rtsreklam.com.tr\/tr\/wp-json\/wp\/v2\/product_tag?post=368"}],"curies":[{"name":"wp","href":"https:\/\/api.w.org\/{rel}","templated":true}]}}