{"id":367,"date":"2022-09-21T16:49:08","date_gmt":"2022-09-21T16:49:08","guid":{"rendered":"https:\/\/rtsreklam.com.tr\/tr\/?post_type=product&#038;p=367"},"modified":"2024-01-12T16:40:07","modified_gmt":"2024-01-12T16:40:07","slug":"poster-clamp","status":"publish","type":"product","link":"https:\/\/www.rtsreklam.com.tr\/tr\/product\/poster-clamp\/","title":{"rendered":"Poster Clamp"},"content":{"rendered":"<p>Poster tutucular\u00a0ve\u00a0afi\u015f tutucular\u00a0tan\u0131t\u0131m\u0131n\u0131z\u0131 yapman\u0131z veya \u00fcr\u00fcnlerinizi sergilemeniz i\u00e7in \u00fcretti\u011fimiz uzun \u00f6m\u00fcrl\u00fc tan\u0131t\u0131m malzemeleridir. Mesaj\u0131n\u0131z\u0131 iletmek ve \u00fcr\u00fcn ve hizmetlerinizi tan\u0131tmak i\u00e7in e\u015fsiz ve uygun fiyatl\u0131d\u0131rlar. Firmam\u0131z farkl\u0131 model ve \u00f6l\u00e7\u00fclerde\u00a0poster tutucular\u00a0\u00fcretmektedir.<\/p>\n","protected":false},"excerpt":{"rendered":"<p>\u2022 Standard production is E6EV1 matte anodized.<br \/>\n\u2022 Production in custom sizes is suitable.<br \/>\n\u2022 The product include hanging system for installation.<br \/>\n\u2022 It is produced in standard RAL colors upon request.<br \/>\n\u2022 Standard products are packaged individually, but can be packaged multiple<\/p>\n","protected":false},"featured_media":429,"template":"","meta":[],"product_cat":[48],"product_tag":[29],"class_list":["post-367","product","type-product","status-publish","has-post-thumbnail","hentry","product_cat-poster-holders","product_tag-ral-colors"],"acf":[],"_links":{"self":[{"href":"https:\/\/www.rtsreklam.com.tr\/tr\/wp-json\/wp\/v2\/product\/367","targetHints":{"allow":["GET"]}}],"collection":[{"href":"https:\/\/www.rtsreklam.com.tr\/tr\/wp-json\/wp\/v2\/product"}],"about":[{"href":"https:\/\/www.rtsreklam.com.tr\/tr\/wp-json\/wp\/v2\/types\/product"}],"wp:featuredmedia":[{"embeddable":true,"href":"https:\/\/www.rtsreklam.com.tr\/tr\/wp-json\/wp\/v2\/media\/429"}],"wp:attachment":[{"href":"https:\/\/www.rtsreklam.com.tr\/tr\/wp-json\/wp\/v2\/media?parent=367"}],"wp:term":[{"taxonomy":"product_cat","embeddable":true,"href":"https:\/\/www.rtsreklam.com.tr\/tr\/wp-json\/wp\/v2\/product_cat?post=367"},{"taxonomy":"product_tag","embeddable":true,"href":"https:\/\/www.rtsreklam.com.tr\/tr\/wp-json\/wp\/v2\/product_tag?post=367"}],"curies":[{"name":"wp","href":"https:\/\/api.w.org\/{rel}","templated":true}]}}