{"id":366,"date":"2022-09-21T16:48:59","date_gmt":"2022-09-21T16:48:59","guid":{"rendered":"https:\/\/rtsreklam.com.tr\/tr\/?post_type=product&#038;p=366"},"modified":"2024-01-12T16:39:22","modified_gmt":"2024-01-12T16:39:22","slug":"single-sided-textile-frame","status":"publish","type":"product","link":"https:\/\/www.rtsreklam.com.tr\/tr\/product\/single-sided-textile-frame\/","title":{"rendered":"Tek Tarafl\u0131 Tekstil \u00c7er\u00e7eve"},"content":{"rendered":"<p>RTS Reklam,founded by 2 entrepreneurs in 2013 who possesses 17 years of R&amp;D experience, aims to create innovative, fast and fruitful solutions. Every day new products are being produced by combining of different materials according to requirements and demands of this sphere. Our company submits prototype products<br \/>\ndeveloped by its design team to its customers for reasonable prices. We implement local and foreign customer orders in highest quality and speed. Besides standart products, we produce special projects responding to customer demands. We implement quality production with our professional team, advanced technology machine park and support teams who will assist you and produce rapid solution in any possible problematic situations. Our products are widely used in following places: State Bodies, Banks, Shopping Centers, Business Centers, Plazas, Airports, Auto Galleries, Hotels, Holiday Villages, Universities, Schools, Hospitals,Cinemas, Textile Shops, Public Transportations, Chain Market Branches and Businesses where food and beverage services are provided. Our prioroties are to respond to our customers` demands in the fast developing Display sector and todevelop rapid and flexible solutions in special projects<br \/>\nwith our R&amp;D structure. Our missions are to make our production capacity more effective and fruitful day by day and represent our c<\/p>\n","protected":false},"excerpt":{"rendered":"<p>\u2022 LED geli\u015fen teknoloji ile birlikte al\u0131\u015fveri\u015f merkezlerinde, ma\u011fazalar, banka gibi bir \u00e7ok alanda kullan\u0131labilir.<br \/>\n\u2022 \u00dcr\u00fcn derinli\u011fi 45 mm tek tarafl\u0131d\u0131r. LED portatif ask\u0131lar sayesinde yatay veya dikey olarak kullan\u0131labilir. Kuma\u015f bask\u0131 malzemesi \u015f\u0131k g\u00f6r\u00fcn\u00fcm sa\u011flar. Bask\u0131 dahil de\u011fildir<br \/>\n\u2022 \u00dcr\u00fcn CE \/ PAT testinden gemi\u015ftir ve kalite sertifikalar\u0131 ile sevk edilir. \u00dcr\u00fcne 2 metrelik elektrik kablosu, fi\u015fi ve tavan ask\u0131 aparat\u0131 dahildir.<br \/>\n\u2022 Led Box hafif, ince profil tasar\u0131m\u0131 ve d\u00fc\u015f\u00fck voltaj gereksinimi sayesinde elektrik prizinin bulundu\u011fu heryerde kullan\u0131labilir. \u00c7er\u00e7eve yap\u0131s\u0131yla geni\u015f bir montaj opsiyonu sa\u011flar.<br \/>\n\u2022 LED ayd\u0131nlatma floresan eknolojisine g\u00f6re %60 enerji tasarrufu sa\u011flar<\/p>\n","protected":false},"featured_media":434,"template":"","meta":[],"product_cat":[49],"product_tag":[33,29],"class_list":["post-366","product","type-product","status-publish","has-post-thumbnail","hentry","product_cat-textile-frames","product_tag-led","product_tag-ral-colors"],"acf":[],"_links":{"self":[{"href":"https:\/\/www.rtsreklam.com.tr\/tr\/wp-json\/wp\/v2\/product\/366","targetHints":{"allow":["GET"]}}],"collection":[{"href":"https:\/\/www.rtsreklam.com.tr\/tr\/wp-json\/wp\/v2\/product"}],"about":[{"href":"https:\/\/www.rtsreklam.com.tr\/tr\/wp-json\/wp\/v2\/types\/product"}],"wp:featuredmedia":[{"embeddable":true,"href":"https:\/\/www.rtsreklam.com.tr\/tr\/wp-json\/wp\/v2\/media\/434"}],"wp:attachment":[{"href":"https:\/\/www.rtsreklam.com.tr\/tr\/wp-json\/wp\/v2\/media?parent=366"}],"wp:term":[{"taxonomy":"product_cat","embeddable":true,"href":"https:\/\/www.rtsreklam.com.tr\/tr\/wp-json\/wp\/v2\/product_cat?post=366"},{"taxonomy":"product_tag","embeddable":true,"href":"https:\/\/www.rtsreklam.com.tr\/tr\/wp-json\/wp\/v2\/product_tag?post=366"}],"curies":[{"name":"wp","href":"https:\/\/api.w.org\/{rel}","templated":true}]}}