{"id":1527,"date":"2024-01-03T08:30:41","date_gmt":"2024-01-03T08:30:41","guid":{"rendered":"https:\/\/www.rtsreklam.com.tr\/tr\/?post_type=product&#038;p=1527"},"modified":"2024-01-03T09:18:39","modified_gmt":"2024-01-03T09:18:39","slug":"ahsap-stand-germe-tel-rafli","status":"publish","type":"product","link":"https:\/\/www.rtsreklam.com.tr\/tr\/product\/ahsap-stand-germe-tel-rafli\/","title":{"rendered":"Ah\u015fap Stand Germe Tel Rafl\u0131"},"content":{"rendered":"","protected":false},"excerpt":{"rendered":"<p>\u2022 G\u00f6vde 10mm kay\u0131n marin ah\u015fap \u00fcretilir.<br \/>\n\u2022 Taban 18mm + 10mm kay\u0131n marin ah\u015fap.<br \/>\n\u2022 Do\u011fal su bazl\u0131 renkli vernik y\u00fczey.<br \/>\n\u2022 Farkl\u0131 renklerde vernik yap\u0131labilir.<br \/>\n\u2022 Raflar krom kapl\u0131 \u00e7elikten \u00fcretilmi\u015ftir.<br \/>\n\u2022 Paslanmaz \u00e7elik halat yard\u0131m\u0131 ile kolay kurulur.<br \/>\n\u2022 G\u00f6vde ve alt taban demonte sevk.<br \/>\n\u2022 Tekli paketleme yap\u0131l\u0131r.<\/p>\n","protected":false},"featured_media":1530,"template":"","meta":[],"product_cat":[41],"product_tag":[29],"class_list":["post-1527","product","type-product","status-publish","has-post-thumbnail","hentry","product_cat-wooden-products","product_tag-ral-colors"],"acf":[],"_links":{"self":[{"href":"https:\/\/www.rtsreklam.com.tr\/tr\/wp-json\/wp\/v2\/product\/1527","targetHints":{"allow":["GET"]}}],"collection":[{"href":"https:\/\/www.rtsreklam.com.tr\/tr\/wp-json\/wp\/v2\/product"}],"about":[{"href":"https:\/\/www.rtsreklam.com.tr\/tr\/wp-json\/wp\/v2\/types\/product"}],"wp:featuredmedia":[{"embeddable":true,"href":"https:\/\/www.rtsreklam.com.tr\/tr\/wp-json\/wp\/v2\/media\/1530"}],"wp:attachment":[{"href":"https:\/\/www.rtsreklam.com.tr\/tr\/wp-json\/wp\/v2\/media?parent=1527"}],"wp:term":[{"taxonomy":"product_cat","embeddable":true,"href":"https:\/\/www.rtsreklam.com.tr\/tr\/wp-json\/wp\/v2\/product_cat?post=1527"},{"taxonomy":"product_tag","embeddable":true,"href":"https:\/\/www.rtsreklam.com.tr\/tr\/wp-json\/wp\/v2\/product_tag?post=1527"}],"curies":[{"name":"wp","href":"https:\/\/api.w.org\/{rel}","templated":true}]}}