{"id":1519,"date":"2023-12-29T08:57:44","date_gmt":"2023-12-29T08:57:44","guid":{"rendered":"https:\/\/www.rtsreklam.com.tr\/tr\/?post_type=product&#038;p=1519"},"modified":"2023-12-29T09:08:50","modified_gmt":"2023-12-29T09:08:50","slug":"ahsap-germe-katalog-stand","status":"publish","type":"product","link":"https:\/\/www.rtsreklam.com.tr\/tr\/product\/ahsap-germe-katalog-stand\/","title":{"rendered":"Ah\u015fap Germe Katalog Stand"},"content":{"rendered":"","protected":false},"excerpt":{"rendered":"<p>\u2022 G\u00f6vde 10mm kay\u0131n marin ah\u015fap \u00fcretilir.<br \/>\n\u2022 Taban 18mm + 10mm kay\u0131n marin ah\u015fap.<br \/>\n\u2022 Do\u011fal su bazl\u0131 renkli vernik y\u00fczey.<br \/>\n\u2022 Farkl\u0131 renklerde vernik yap\u0131labilir.<br \/>\n\u2022 Poster alan\u0131 \u015feffaf akrelik kolay poster de\u011fi\u015ftirme \u00f6zelli\u011fine sahiptir.<br \/>\n\u2022 Paslanmaz \u00e7elik halat yard\u0131m\u0131 ile kolay kurulur.<br \/>\n\u2022 G\u00f6vde ve alt taban demonte sevk.<br \/>\n\u2022 Tekli paketleme yap\u0131l\u0131r.<\/p>\n","protected":false},"featured_media":1523,"template":"","meta":[],"product_cat":[41],"product_tag":[29],"class_list":["post-1519","product","type-product","status-publish","has-post-thumbnail","hentry","product_cat-wooden-products","product_tag-ral-colors"],"acf":[],"_links":{"self":[{"href":"https:\/\/www.rtsreklam.com.tr\/tr\/wp-json\/wp\/v2\/product\/1519","targetHints":{"allow":["GET"]}}],"collection":[{"href":"https:\/\/www.rtsreklam.com.tr\/tr\/wp-json\/wp\/v2\/product"}],"about":[{"href":"https:\/\/www.rtsreklam.com.tr\/tr\/wp-json\/wp\/v2\/types\/product"}],"wp:featuredmedia":[{"embeddable":true,"href":"https:\/\/www.rtsreklam.com.tr\/tr\/wp-json\/wp\/v2\/media\/1523"}],"wp:attachment":[{"href":"https:\/\/www.rtsreklam.com.tr\/tr\/wp-json\/wp\/v2\/media?parent=1519"}],"wp:term":[{"taxonomy":"product_cat","embeddable":true,"href":"https:\/\/www.rtsreklam.com.tr\/tr\/wp-json\/wp\/v2\/product_cat?post=1519"},{"taxonomy":"product_tag","embeddable":true,"href":"https:\/\/www.rtsreklam.com.tr\/tr\/wp-json\/wp\/v2\/product_tag?post=1519"}],"curies":[{"name":"wp","href":"https:\/\/api.w.org\/{rel}","templated":true}]}}