{"id":14,"date":"2022-08-25T15:59:12","date_gmt":"2022-08-25T15:59:12","guid":{"rendered":"https:\/\/rtsreklam.com.tr\/tr\/?post_type=product&#038;p=14"},"modified":"2024-01-12T16:38:42","modified_gmt":"2024-01-12T16:38:42","slug":"signage","status":"publish","type":"product","link":"https:\/\/www.rtsreklam.com.tr\/tr\/product\/signage\/","title":{"rendered":"Y\u00f6nlendirmeler"},"content":{"rendered":"<p>Y\u00f6nlendirmeler, insanlar\u0131n gidecekleri yer ve hizmetlerin fiziki y\u00f6n\u00fcn\u00fc i\u015faret eden \u00fcr\u00fcnlerdir. Y\u00f6nlendirmeler, insanlar\u0131n sorunsuz \u015fekilde arad\u0131\u011f\u0131 mekanlar\u0131 ve hizmetleri bulmalar\u0131na yard\u0131mc\u0131 olur. Dolay\u0131s\u0131yla, y\u00f6nlendirme i\u015faretleri bir \u00e7e\u015fit ileti\u015fim kurma arac\u0131s\u0131d\u0131r.<\/p>\n","protected":false},"excerpt":{"rendered":"<p>\u2022 \u00d6zel ebatlarda \u00fcretime uygundur.<br \/>\n\u2022 \u0130ste\u011fe g\u00f6re standart RAL renklerinde \u00fcretilebilmektedir.<br \/>\n\u2022 \u00c7ift tarafl\u0131 bant ile monte edilir<br \/>\n\u2022 Kolay kurulum \u00f6zelli\u011fine sahiptir.<br \/>\n\u2022 Standart \u00fcr\u00fcnler \u00e7oklu olarak paketlenir<\/p>\n","protected":false},"featured_media":440,"template":"","meta":[],"product_cat":[50],"product_tag":[29],"class_list":["post-14","product","type-product","status-publish","has-post-thumbnail","hentry","product_cat-signage","product_tag-ral-colors"],"acf":[],"_links":{"self":[{"href":"https:\/\/www.rtsreklam.com.tr\/tr\/wp-json\/wp\/v2\/product\/14","targetHints":{"allow":["GET"]}}],"collection":[{"href":"https:\/\/www.rtsreklam.com.tr\/tr\/wp-json\/wp\/v2\/product"}],"about":[{"href":"https:\/\/www.rtsreklam.com.tr\/tr\/wp-json\/wp\/v2\/types\/product"}],"wp:featuredmedia":[{"embeddable":true,"href":"https:\/\/www.rtsreklam.com.tr\/tr\/wp-json\/wp\/v2\/media\/440"}],"wp:attachment":[{"href":"https:\/\/www.rtsreklam.com.tr\/tr\/wp-json\/wp\/v2\/media?parent=14"}],"wp:term":[{"taxonomy":"product_cat","embeddable":true,"href":"https:\/\/www.rtsreklam.com.tr\/tr\/wp-json\/wp\/v2\/product_cat?post=14"},{"taxonomy":"product_tag","embeddable":true,"href":"https:\/\/www.rtsreklam.com.tr\/tr\/wp-json\/wp\/v2\/product_tag?post=14"}],"curies":[{"name":"wp","href":"https:\/\/api.w.org\/{rel}","templated":true}]}}