{"id":1329,"date":"2022-10-07T14:15:47","date_gmt":"2022-10-07T14:15:47","guid":{"rendered":"https:\/\/www.rtsreklam.com.tr\/tr\/?post_type=product&#038;p=1329"},"modified":"2022-10-07T14:26:00","modified_gmt":"2022-10-07T14:26:00","slug":"poster-totem","status":"publish","type":"product","link":"https:\/\/www.rtsreklam.com.tr\/tr\/product\/poster-totem\/","title":{"rendered":"Poster Totem"},"content":{"rendered":"","protected":false},"excerpt":{"rendered":"<p>\u2022 Yenilik\u00e7i taban tasar\u0131m\u0131 ile, modern ve \u00e7a\u011fda\u015f bir stand.<br \/>\n\u2022 Standart olarak siyah ve gri renklerde \u00fcretilmektedir.<br \/>\n\u2022 \u0130ste\u011fe g\u00f6re \u00e7ift veya tek tarafl\u0131 kullan\u0131labilir.<br \/>\n\u2022 Stand \u00fczerine digital ekran yada afi\u015f \u00e7er\u00e7evesi monte edilir.<br \/>\n\u2022 Her bir y\u00fcz\u00fcn alt k\u0131sm\u0131nda, iki adet A4\/3 veya bir adet A4 bro\u015f\u00fcrl\u00fck tak\u0131labilir.<\/p>\n","protected":false},"featured_media":1330,"template":"","meta":[],"product_cat":[56],"product_tag":[33,29],"class_list":["post-1329","product","type-product","status-publish","has-post-thumbnail","hentry","product_cat-totem","product_tag-led","product_tag-ral-colors"],"acf":[],"_links":{"self":[{"href":"https:\/\/www.rtsreklam.com.tr\/tr\/wp-json\/wp\/v2\/product\/1329","targetHints":{"allow":["GET"]}}],"collection":[{"href":"https:\/\/www.rtsreklam.com.tr\/tr\/wp-json\/wp\/v2\/product"}],"about":[{"href":"https:\/\/www.rtsreklam.com.tr\/tr\/wp-json\/wp\/v2\/types\/product"}],"wp:featuredmedia":[{"embeddable":true,"href":"https:\/\/www.rtsreklam.com.tr\/tr\/wp-json\/wp\/v2\/media\/1330"}],"wp:attachment":[{"href":"https:\/\/www.rtsreklam.com.tr\/tr\/wp-json\/wp\/v2\/media?parent=1329"}],"wp:term":[{"taxonomy":"product_cat","embeddable":true,"href":"https:\/\/www.rtsreklam.com.tr\/tr\/wp-json\/wp\/v2\/product_cat?post=1329"},{"taxonomy":"product_tag","embeddable":true,"href":"https:\/\/www.rtsreklam.com.tr\/tr\/wp-json\/wp\/v2\/product_tag?post=1329"}],"curies":[{"name":"wp","href":"https:\/\/api.w.org\/{rel}","templated":true}]}}