{"id":1323,"date":"2022-10-07T07:37:41","date_gmt":"2022-10-07T07:37:41","guid":{"rendered":"https:\/\/www.rtsreklam.com.tr\/tr\/?post_type=product&#038;p=1323"},"modified":"2022-10-07T13:43:29","modified_gmt":"2022-10-07T13:43:29","slug":"kombine-ahsap-totem","status":"publish","type":"product","link":"https:\/\/www.rtsreklam.com.tr\/tr\/product\/kombine-ahsap-totem\/","title":{"rendered":"Kombine Ah\u015fap Totem"},"content":{"rendered":"","protected":false},"excerpt":{"rendered":"<p>\u2022 \u00c7ift tarafl\u0131d\u0131r.<br \/>\n\u2022 \u00dcste afi\u015f \u00e7er\u00e7evesi ve altta bir s\u0131ra bro\u015f\u00fcrl\u00fck tak\u0131labilir.<br \/>\n\u2022 Afi\u015f \u00e7er\u00e7evesi sayesinde duyurular\u0131n\u0131z\u0131 s\u00fcrekli g\u00fcncellemenize olanak verir.<br \/>\n\u2022 Ayn\u0131 zamanda alttaki de\u011fi\u015ftirilebilen boyutlu (A4 veya A4\/3) bro\u015f\u00fcrl\u00fcklerde de, bro\u015f\u00fcrlerinizi sergileyerek da\u011f\u0131tabilirsiniz.<\/p>\n","protected":false},"featured_media":1325,"template":"","meta":[],"product_cat":[56],"product_tag":[29],"class_list":["post-1323","product","type-product","status-publish","has-post-thumbnail","hentry","product_cat-totem","product_tag-ral-colors"],"acf":[],"_links":{"self":[{"href":"https:\/\/www.rtsreklam.com.tr\/tr\/wp-json\/wp\/v2\/product\/1323","targetHints":{"allow":["GET"]}}],"collection":[{"href":"https:\/\/www.rtsreklam.com.tr\/tr\/wp-json\/wp\/v2\/product"}],"about":[{"href":"https:\/\/www.rtsreklam.com.tr\/tr\/wp-json\/wp\/v2\/types\/product"}],"wp:featuredmedia":[{"embeddable":true,"href":"https:\/\/www.rtsreklam.com.tr\/tr\/wp-json\/wp\/v2\/media\/1325"}],"wp:attachment":[{"href":"https:\/\/www.rtsreklam.com.tr\/tr\/wp-json\/wp\/v2\/media?parent=1323"}],"wp:term":[{"taxonomy":"product_cat","embeddable":true,"href":"https:\/\/www.rtsreklam.com.tr\/tr\/wp-json\/wp\/v2\/product_cat?post=1323"},{"taxonomy":"product_tag","embeddable":true,"href":"https:\/\/www.rtsreklam.com.tr\/tr\/wp-json\/wp\/v2\/product_tag?post=1323"}],"curies":[{"name":"wp","href":"https:\/\/api.w.org\/{rel}","templated":true}]}}