{"id":1312,"date":"2023-10-07T06:22:10","date_gmt":"2023-10-07T06:22:10","guid":{"rendered":"https:\/\/www.rtsreklam.com.tr\/tr\/?post_type=product&#038;p=1312"},"modified":"2023-12-29T07:28:21","modified_gmt":"2023-12-29T07:28:21","slug":"ahsap-katalog-stand-cift-tarafli-akrilik-cepli","status":"publish","type":"product","link":"https:\/\/www.rtsreklam.com.tr\/tr\/product\/ahsap-katalog-stand-cift-tarafli-akrilik-cepli\/","title":{"rendered":"Ah\u015fap Katalog Stand \u00c7ift Tarafl\u0131 Akrilik Cepli"},"content":{"rendered":"","protected":false},"excerpt":{"rendered":"<p>\u2022 18mm kay\u0131n morin ah\u015fap \u00fcretilir.<br \/>\n\u2022 Do\u011fal su bazl\u0131 renkli vernik<br \/>\ny\u00fczey.<br \/>\n\u2022 Farkl\u0131 renklerde vernik yap\u0131labilir.<br \/>\n\u2022 Raflar akriliktir.<br \/>\n\u2022 Alt taban demonte sevk edilir.<br \/>\n\u2022 Tekli paketmele yap\u0131l\u0131r<br \/>\n&nbsp;<\/p>\n","protected":false},"featured_media":1497,"template":"","meta":[],"product_cat":[41],"product_tag":[29],"class_list":["post-1312","product","type-product","status-publish","has-post-thumbnail","hentry","product_cat-wooden-products","product_tag-ral-colors"],"acf":[],"_links":{"self":[{"href":"https:\/\/www.rtsreklam.com.tr\/tr\/wp-json\/wp\/v2\/product\/1312","targetHints":{"allow":["GET"]}}],"collection":[{"href":"https:\/\/www.rtsreklam.com.tr\/tr\/wp-json\/wp\/v2\/product"}],"about":[{"href":"https:\/\/www.rtsreklam.com.tr\/tr\/wp-json\/wp\/v2\/types\/product"}],"wp:featuredmedia":[{"embeddable":true,"href":"https:\/\/www.rtsreklam.com.tr\/tr\/wp-json\/wp\/v2\/media\/1497"}],"wp:attachment":[{"href":"https:\/\/www.rtsreklam.com.tr\/tr\/wp-json\/wp\/v2\/media?parent=1312"}],"wp:term":[{"taxonomy":"product_cat","embeddable":true,"href":"https:\/\/www.rtsreklam.com.tr\/tr\/wp-json\/wp\/v2\/product_cat?post=1312"},{"taxonomy":"product_tag","embeddable":true,"href":"https:\/\/www.rtsreklam.com.tr\/tr\/wp-json\/wp\/v2\/product_tag?post=1312"}],"curies":[{"name":"wp","href":"https:\/\/api.w.org\/{rel}","templated":true}]}}