{"id":1308,"date":"2023-10-07T06:18:49","date_gmt":"2023-10-07T06:18:49","guid":{"rendered":"https:\/\/www.rtsreklam.com.tr\/tr\/?post_type=product&#038;p=1308"},"modified":"2023-12-29T07:29:20","modified_gmt":"2023-12-29T07:29:20","slug":"ahsap-katalog-stand-zick-zack","status":"publish","type":"product","link":"https:\/\/www.rtsreklam.com.tr\/tr\/product\/ahsap-katalog-stand-zick-zack\/","title":{"rendered":"Ah\u015fap Katalog Stand Zick Zack"},"content":{"rendered":"","protected":false},"excerpt":{"rendered":"<p>\u2022 18mm kay\u0131n marin ah\u015fap \u00fcretilir.<br \/>\n\u2022 Do\u011fal su bazl\u0131 renkli vernik<br \/>\ny\u00fczey.<br \/>\n\u2022 Farkl\u0131 renklerde vernik yap\u0131labilir.<br \/>\n\u2022 Demonte sevk edilir. (Ba\u011flant\u0131<br \/>\nekipmanlar\u0131 kutu i\u00e7erisindedir.)<br \/>\n\u2022 Tekli paketleme yap\u0131l\u0131r.<\/p>\n<p>&nbsp;<\/p>\n","protected":false},"featured_media":1486,"template":"","meta":[],"product_cat":[41],"product_tag":[29],"class_list":["post-1308","product","type-product","status-publish","has-post-thumbnail","hentry","product_cat-wooden-products","product_tag-ral-colors"],"acf":[],"_links":{"self":[{"href":"https:\/\/www.rtsreklam.com.tr\/tr\/wp-json\/wp\/v2\/product\/1308","targetHints":{"allow":["GET"]}}],"collection":[{"href":"https:\/\/www.rtsreklam.com.tr\/tr\/wp-json\/wp\/v2\/product"}],"about":[{"href":"https:\/\/www.rtsreklam.com.tr\/tr\/wp-json\/wp\/v2\/types\/product"}],"wp:featuredmedia":[{"embeddable":true,"href":"https:\/\/www.rtsreklam.com.tr\/tr\/wp-json\/wp\/v2\/media\/1486"}],"wp:attachment":[{"href":"https:\/\/www.rtsreklam.com.tr\/tr\/wp-json\/wp\/v2\/media?parent=1308"}],"wp:term":[{"taxonomy":"product_cat","embeddable":true,"href":"https:\/\/www.rtsreklam.com.tr\/tr\/wp-json\/wp\/v2\/product_cat?post=1308"},{"taxonomy":"product_tag","embeddable":true,"href":"https:\/\/www.rtsreklam.com.tr\/tr\/wp-json\/wp\/v2\/product_tag?post=1308"}],"curies":[{"name":"wp","href":"https:\/\/api.w.org\/{rel}","templated":true}]}}