{"id":1302,"date":"2023-10-07T06:03:38","date_gmt":"2023-10-07T06:03:38","guid":{"rendered":"https:\/\/www.rtsreklam.com.tr\/tr\/?post_type=product&#038;p=1302"},"modified":"2023-12-29T07:30:28","modified_gmt":"2023-12-29T07:30:28","slug":"ahsap-stand-mandalli","status":"publish","type":"product","link":"https:\/\/www.rtsreklam.com.tr\/tr\/product\/ahsap-stand-mandalli\/","title":{"rendered":"Ah\u015fap Stand Mandall\u0131"},"content":{"rendered":"","protected":false},"excerpt":{"rendered":"<p>\u2022 G\u00f6vde taban 18mm kay\u0131n marin<br \/>\nah\u015fap.<br \/>\n\u2022 Do\u011fal su bazl\u0131 renkli vernik y\u00fczey.<br \/>\n\u2022 Farkl\u0131 reklerde vernik yap\u0131labilir.<br \/>\n\u2022 \u00dczerindeki ka\u011f\u0131t tutucu aparatlar<br \/>\nile posterler kolay sergilenme<br \/>\n\u00f6zelli\u011fine sahiptir.<br \/>\n\u2022 G\u00f6vde taban demonte sevk.<br \/>\n\u2022 Tekli paketleme yap\u0131l\u0131r<\/p>\n<p>&nbsp;<\/p>\n","protected":false},"featured_media":1305,"template":"","meta":[],"product_cat":[41],"product_tag":[29],"class_list":["post-1302","product","type-product","status-publish","has-post-thumbnail","hentry","product_cat-wooden-products","product_tag-ral-colors"],"acf":[],"_links":{"self":[{"href":"https:\/\/www.rtsreklam.com.tr\/tr\/wp-json\/wp\/v2\/product\/1302","targetHints":{"allow":["GET"]}}],"collection":[{"href":"https:\/\/www.rtsreklam.com.tr\/tr\/wp-json\/wp\/v2\/product"}],"about":[{"href":"https:\/\/www.rtsreklam.com.tr\/tr\/wp-json\/wp\/v2\/types\/product"}],"wp:featuredmedia":[{"embeddable":true,"href":"https:\/\/www.rtsreklam.com.tr\/tr\/wp-json\/wp\/v2\/media\/1305"}],"wp:attachment":[{"href":"https:\/\/www.rtsreklam.com.tr\/tr\/wp-json\/wp\/v2\/media?parent=1302"}],"wp:term":[{"taxonomy":"product_cat","embeddable":true,"href":"https:\/\/www.rtsreklam.com.tr\/tr\/wp-json\/wp\/v2\/product_cat?post=1302"},{"taxonomy":"product_tag","embeddable":true,"href":"https:\/\/www.rtsreklam.com.tr\/tr\/wp-json\/wp\/v2\/product_tag?post=1302"}],"curies":[{"name":"wp","href":"https:\/\/api.w.org\/{rel}","templated":true}]}}