{"id":1291,"date":"2022-10-06T13:22:22","date_gmt":"2022-10-06T13:22:22","guid":{"rendered":"https:\/\/www.rtsreklam.com.tr\/tr\/?post_type=product&#038;p=1291"},"modified":"2022-10-06T13:33:49","modified_gmt":"2022-10-06T13:33:49","slug":"cift-tarafli-tekstil-cerceve","status":"publish","type":"product","link":"https:\/\/www.rtsreklam.com.tr\/tr\/product\/cift-tarafli-tekstil-cerceve\/","title":{"rendered":"\u00c7ift Tarafl\u0131 Tekstil \u00c7er\u00e7eve"},"content":{"rendered":"<p>Tekstil \u00c7er\u00e7eveler, I\u015f\u0131kl\u0131 ve I\u015f\u0131ks\u0131z olmak \u00fczere ikiye ayr\u0131lmaktad\u0131rlar. Ayakl\u0131 Poster Pano, Bilgilendirme Panolar\u0131, Al\u00fcminyum \u00c7er\u00e7eveler gibi genel olarak eloksall\u0131 aluminyum ile imalatlar\u0131\u00a0 yap\u0131lmaktad\u0131rlar. Son derece \u015f\u0131k olan Tekstil \u00c7er\u00e7eveler, birinci s\u0131n\u0131f kuma\u015fa Dijital Bask\u0131 olarak yap\u0131lmaktad\u0131rlar. \u00d6r\u00fcmcek Stand, Centro Stand, Quick Banner gibi \u00fcr\u00fcnler ile birliktede kullan\u0131l\u0131rlar.<\/p>\n","protected":false},"excerpt":{"rendered":"<p>\u2022 LED geli\u015fen teknoloji ile birlikte al\u0131\u015fveri\u015f merkezlerinde, ma\u011fazalar, banka gibi bir \u00e7ok alanda kullan\u0131labilir.<br \/>\n\u2022 \u00dcr\u00fcn derinli\u011fi 45 mm tek tarafl\u0131d\u0131r. LED portatif ask\u0131lar sayesinde yatay veya dikey olarak kullan\u0131labilir. Kuma\u015f bask\u0131 malzemesi \u015f\u0131k g\u00f6r\u00fcn\u00fcm sa\u011flar. Bask\u0131 dahil de\u011fildir<br \/>\n\u2022 \u00dcr\u00fcn CE \/ PAT testinden gemi\u015ftir ve kalite sertifikalar\u0131 ile sevk edilir. \u00dcr\u00fcne 2 metrelik elektrik kablosu, fi\u015fi ve tavan ask\u0131 aparat\u0131 dahildir.<br \/>\n\u2022 Led Box hafif, ince profil tasar\u0131m\u0131 ve d\u00fc\u015f\u00fck voltaj gereksinimi sayesinde elektrik prizinin bulundu\u011fu heryerde kullan\u0131labilir. \u00c7er\u00e7eve yap\u0131s\u0131yla geni\u015f bir montaj opsiyonu sa\u011flar.<br \/>\n\u2022 LED ayd\u0131nlatma floresan eknolojisine g\u00f6re %60 enerji tasarrufu sa\u011flar.<\/p>\n","protected":false},"featured_media":1292,"template":"","meta":[],"product_cat":[49],"product_tag":[33,29],"class_list":["post-1291","product","type-product","status-publish","has-post-thumbnail","hentry","product_cat-textile-frames","product_tag-led","product_tag-ral-colors"],"acf":[],"_links":{"self":[{"href":"https:\/\/www.rtsreklam.com.tr\/tr\/wp-json\/wp\/v2\/product\/1291","targetHints":{"allow":["GET"]}}],"collection":[{"href":"https:\/\/www.rtsreklam.com.tr\/tr\/wp-json\/wp\/v2\/product"}],"about":[{"href":"https:\/\/www.rtsreklam.com.tr\/tr\/wp-json\/wp\/v2\/types\/product"}],"wp:featuredmedia":[{"embeddable":true,"href":"https:\/\/www.rtsreklam.com.tr\/tr\/wp-json\/wp\/v2\/media\/1292"}],"wp:attachment":[{"href":"https:\/\/www.rtsreklam.com.tr\/tr\/wp-json\/wp\/v2\/media?parent=1291"}],"wp:term":[{"taxonomy":"product_cat","embeddable":true,"href":"https:\/\/www.rtsreklam.com.tr\/tr\/wp-json\/wp\/v2\/product_cat?post=1291"},{"taxonomy":"product_tag","embeddable":true,"href":"https:\/\/www.rtsreklam.com.tr\/tr\/wp-json\/wp\/v2\/product_tag?post=1291"}],"curies":[{"name":"wp","href":"https:\/\/api.w.org\/{rel}","templated":true}]}}