{"id":1282,"date":"2022-10-06T12:21:06","date_gmt":"2022-10-06T12:21:06","guid":{"rendered":"https:\/\/www.rtsreklam.com.tr\/tr\/?post_type=product&#038;p=1282"},"modified":"2022-10-06T12:28:05","modified_gmt":"2022-10-06T12:28:05","slug":"roll-banner","status":"publish","type":"product","link":"https:\/\/www.rtsreklam.com.tr\/tr\/product\/roll-banner\/","title":{"rendered":"Roll Banner"},"content":{"rendered":"<p>Poster tutucular\u00a0ve\u00a0afi\u015f tutucular\u00a0tan\u0131t\u0131m\u0131n\u0131z\u0131 yapman\u0131z veya \u00fcr\u00fcnlerinizi sergilemeniz i\u00e7in \u00fcretti\u011fimiz uzun \u00f6m\u00fcrl\u00fc tan\u0131t\u0131m malzemeleridir. Mesaj\u0131n\u0131z\u0131 iletmek ve \u00fcr\u00fcn ve hizmetlerinizi tan\u0131tmak i\u00e7in e\u015fsiz ve uygun fiyatl\u0131d\u0131rlar. Firmam\u0131z farkl\u0131 model ve \u00f6l\u00e7\u00fclerde\u00a0poster tutucular\u00a0\u00fcretmektedir.<\/p>\n","protected":false},"excerpt":{"rendered":"<p>\u2022 Roll Banner daha rekabet\u00e7i ko\u015fullar i\u00e7in \u00fcretildi.<br \/>\n\u2022 Kal\u0131nl\u0131klar\u0131 50 mikron ile 500 mikron aras\u0131nda olan g\u00f6rselleriniz i\u00e7in uygundur.<br \/>\n\u2022Fuar ve seminerlerinize \u00e7antas\u0131yla birlikte kolayl\u0131kla ta\u015f\u0131yabilece\u011finiz bir \u00fcr\u00fcnd\u00fcr.<br \/>\n\u2022Kalemler ayr\u0131ca sipari\u015f edilir. Silmek i\u00e7in cam temizleyicisi ya da nemli bir bez kullanabilirsiniz. \u00dcr\u00fcn kullan\u0131ma haz\u0131r halde sevk edilmektedir.<\/p>\n","protected":false},"featured_media":1287,"template":"","meta":[],"product_cat":[48],"product_tag":[29],"class_list":["post-1282","product","type-product","status-publish","has-post-thumbnail","hentry","product_cat-poster-holders","product_tag-ral-colors"],"acf":[],"_links":{"self":[{"href":"https:\/\/www.rtsreklam.com.tr\/tr\/wp-json\/wp\/v2\/product\/1282","targetHints":{"allow":["GET"]}}],"collection":[{"href":"https:\/\/www.rtsreklam.com.tr\/tr\/wp-json\/wp\/v2\/product"}],"about":[{"href":"https:\/\/www.rtsreklam.com.tr\/tr\/wp-json\/wp\/v2\/types\/product"}],"wp:featuredmedia":[{"embeddable":true,"href":"https:\/\/www.rtsreklam.com.tr\/tr\/wp-json\/wp\/v2\/media\/1287"}],"wp:attachment":[{"href":"https:\/\/www.rtsreklam.com.tr\/tr\/wp-json\/wp\/v2\/media?parent=1282"}],"wp:term":[{"taxonomy":"product_cat","embeddable":true,"href":"https:\/\/www.rtsreklam.com.tr\/tr\/wp-json\/wp\/v2\/product_cat?post=1282"},{"taxonomy":"product_tag","embeddable":true,"href":"https:\/\/www.rtsreklam.com.tr\/tr\/wp-json\/wp\/v2\/product_tag?post=1282"}],"curies":[{"name":"wp","href":"https:\/\/api.w.org\/{rel}","templated":true}]}}