{"id":1274,"date":"2022-10-06T12:02:16","date_gmt":"2022-10-06T12:02:16","guid":{"rendered":"https:\/\/www.rtsreklam.com.tr\/tr\/?post_type=product&#038;p=1274"},"modified":"2022-10-06T12:07:05","modified_gmt":"2022-10-06T12:07:05","slug":"poster-trap","status":"publish","type":"product","link":"https:\/\/www.rtsreklam.com.tr\/tr\/product\/poster-trap\/","title":{"rendered":"Poster Trap"},"content":{"rendered":"<p>Poster tutucular\u00a0ve\u00a0afi\u015f tutucular\u00a0tan\u0131t\u0131m\u0131n\u0131z\u0131 yapman\u0131z veya \u00fcr\u00fcnlerinizi sergilemeniz i\u00e7in \u00fcretti\u011fimiz uzun \u00f6m\u00fcrl\u00fc tan\u0131t\u0131m malzemeleridir. Mesaj\u0131n\u0131z\u0131 iletmek ve \u00fcr\u00fcn ve hizmetlerinizi tan\u0131tmak i\u00e7in e\u015fsiz ve uygun fiyatl\u0131d\u0131rlar. Firmam\u0131z farkl\u0131 model ve \u00f6l\u00e7\u00fclerde\u00a0poster tutucular\u00a0\u00fcretmektedir.<\/p>\n","protected":false},"excerpt":{"rendered":"<p>\u2022 Standart \u00fcretim E6EV1 mat eloksall\u0131d\u0131r.<br \/>\n\u2022 \u00d6zel \u00f6l\u00e7\u00fclerde \u00fcretime uygundur.<br \/>\n\u2022 \u00dcr\u00fcne montaj i\u00e7in asma sistemi dahildir.<br \/>\n\u2022 \u0130ste\u011fe ba\u011fl\u0131 olarak standart RAL renklerinde \u00fcretilmektedir.<br \/>\n\u2022 Standart \u00fcr\u00fcnler tek tek paketlenir, ancak birden fazla paketlenebilir<\/p>\n","protected":false},"featured_media":1275,"template":"","meta":[],"product_cat":[48],"product_tag":[29],"class_list":["post-1274","product","type-product","status-publish","has-post-thumbnail","hentry","product_cat-poster-holders","product_tag-ral-colors"],"acf":[],"_links":{"self":[{"href":"https:\/\/www.rtsreklam.com.tr\/tr\/wp-json\/wp\/v2\/product\/1274","targetHints":{"allow":["GET"]}}],"collection":[{"href":"https:\/\/www.rtsreklam.com.tr\/tr\/wp-json\/wp\/v2\/product"}],"about":[{"href":"https:\/\/www.rtsreklam.com.tr\/tr\/wp-json\/wp\/v2\/types\/product"}],"wp:featuredmedia":[{"embeddable":true,"href":"https:\/\/www.rtsreklam.com.tr\/tr\/wp-json\/wp\/v2\/media\/1275"}],"wp:attachment":[{"href":"https:\/\/www.rtsreklam.com.tr\/tr\/wp-json\/wp\/v2\/media?parent=1274"}],"wp:term":[{"taxonomy":"product_cat","embeddable":true,"href":"https:\/\/www.rtsreklam.com.tr\/tr\/wp-json\/wp\/v2\/product_cat?post=1274"},{"taxonomy":"product_tag","embeddable":true,"href":"https:\/\/www.rtsreklam.com.tr\/tr\/wp-json\/wp\/v2\/product_tag?post=1274"}],"curies":[{"name":"wp","href":"https:\/\/api.w.org\/{rel}","templated":true}]}}