{"id":1122,"date":"2022-10-05T11:11:00","date_gmt":"2022-10-05T11:11:00","guid":{"rendered":"https:\/\/www.rtsreklam.com.tr\/tr\/?post_type=product&#038;p=1122"},"modified":"2022-10-05T11:57:52","modified_gmt":"2022-10-05T11:57:52","slug":"delta-tipi-brosurluk","status":"publish","type":"product","link":"https:\/\/www.rtsreklam.com.tr\/tr\/product\/delta-tipi-brosurluk\/","title":{"rendered":"Delta Tipi Bro\u015f\u00fcrl\u00fck"},"content":{"rendered":"<p>Bro\u015f\u00fcr ve Katalog Stantlar\u0131,\u00a0bro\u015f\u00fcrlerinizi, dergilerinizi, b\u00fcltenlerini ve benzeri bas\u0131l\u0131 materyallerinizi d\u00fczenli bir bi\u00e7imde sergilemek i\u00e7in kullan\u0131lan ara\u00e7lard\u0131r.\u00a0Bro\u015f\u00fcrler, i\u015fletmeniz, kurumunuz, organizasyonunuz hakk\u0131nda bilgi sa\u011flayan yaz\u0131l\u0131 materyallerdir.\u00a0Bro\u015f\u00fcrler\u00a0yoluyla promosyonlar\u0131n\u0131z\u0131 duyurabilir, \u015firketinizin tan\u0131t\u0131m\u0131n\u0131 yapabilirsiniz. Herhangi bir kampanyadan haberdar etmek ya da bilgilendirme sa\u011flamak i\u00e7in de bro\u015f\u00fcrler s\u0131k\u00e7a kullan\u0131lmaktad\u0131r.<\/p>\n","protected":false},"excerpt":{"rendered":"<p>\u2022\u00dcr\u00fcnler akrilikten \u00fcretilmi\u015fdir.<br \/>\n\u2022\u00d6zel \u00f6l\u00e7\u00fclerde \u00fcretim yap\u0131labilir<br \/>\n\u2022Standart \u00fcr\u00fcnler\u00e7oklu paketlenir.<\/p>\n","protected":false},"featured_media":1123,"template":"","meta":[],"product_cat":[46],"product_tag":[32],"class_list":["post-1122","product","type-product","status-publish","has-post-thumbnail","hentry","product_cat-brochure-and-catalog-stands","product_tag-transparent"],"acf":[],"_links":{"self":[{"href":"https:\/\/www.rtsreklam.com.tr\/tr\/wp-json\/wp\/v2\/product\/1122","targetHints":{"allow":["GET"]}}],"collection":[{"href":"https:\/\/www.rtsreklam.com.tr\/tr\/wp-json\/wp\/v2\/product"}],"about":[{"href":"https:\/\/www.rtsreklam.com.tr\/tr\/wp-json\/wp\/v2\/types\/product"}],"wp:featuredmedia":[{"embeddable":true,"href":"https:\/\/www.rtsreklam.com.tr\/tr\/wp-json\/wp\/v2\/media\/1123"}],"wp:attachment":[{"href":"https:\/\/www.rtsreklam.com.tr\/tr\/wp-json\/wp\/v2\/media?parent=1122"}],"wp:term":[{"taxonomy":"product_cat","embeddable":true,"href":"https:\/\/www.rtsreklam.com.tr\/tr\/wp-json\/wp\/v2\/product_cat?post=1122"},{"taxonomy":"product_tag","embeddable":true,"href":"https:\/\/www.rtsreklam.com.tr\/tr\/wp-json\/wp\/v2\/product_tag?post=1122"}],"curies":[{"name":"wp","href":"https:\/\/api.w.org\/{rel}","templated":true}]}}