{"id":1021,"date":"2022-10-03T11:11:05","date_gmt":"2022-10-03T11:11:05","guid":{"rendered":"https:\/\/www.rtsreklam.com.tr\/tr\/?post_type=product&#038;p=1021"},"modified":"2022-10-03T11:32:33","modified_gmt":"2022-10-03T11:32:33","slug":"teleskobik-menu-panosu-kopya","status":"publish","type":"product","link":"https:\/\/www.rtsreklam.com.tr\/tr\/product\/teleskobik-menu-panosu-kopya\/","title":{"rendered":"Akordiyon \u0130nfo Board \u00c7ift Tarafl\u0131"},"content":{"rendered":"<p>Duyuru Panolar\u0131\u00a0i\u00e7 ortamda ve d\u0131\u015f ortamda kullan\u0131lan panolard\u0131r. Duyurular, bilgilendirmeler, reklamlar\u0131n\u0131z\u0131 duyurmak i\u00e7in dizayn edilmi\u015ftir. Ayn\u0131 zamanda marka bilinirli\u011fini artt\u0131rmak, kampanyalar\u0131n\u0131zdan haberdar etmek i\u00e7in de kullan\u0131lmaktad\u0131r.\u00a0\u0130lan panolar\u0131\u00a0ofis i\u00e7indeki ileti\u015fimi sa\u011flamak ad\u0131na duyuru panosu, haftal\u0131k listeler, g\u00f6rev tablolar\u0131 sergilemek ama\u00e7l\u0131 kullan\u0131lmaktad\u0131r.<\/p>\n","protected":false},"excerpt":{"rendered":"<p>\u2022 Standart \u00fcretim E6EV1 mat eloksal kaplamal\u0131d\u0131r.<br \/>\n\u2022 \u00d6zel ebatlarda \u00fcretime uygundur.<br \/>\n\u2022 \u0130ste\u011fe g\u00f6re standart RAL renklerinde \u00fcretilebilmektedir.<br \/>\n\u2022 Kolay kurulum \u00f6zelli\u011fine sahiptir.<br \/>\n\u2022 Tel raf, logo tutucu ve logo alan\u0131 opsiyoneldir.<br \/>\n\u2022 Standart \u00fcr\u00fcnler tekli olarak paketlenir<\/p>\n","protected":false},"featured_media":1022,"template":"","meta":[],"product_cat":[45],"product_tag":[29,32,27],"class_list":["post-1021","product","type-product","status-publish","has-post-thumbnail","hentry","product_cat-info-stands","product_tag-ral-colors","product_tag-transparent","product_tag-waterproof"],"acf":[],"_links":{"self":[{"href":"https:\/\/www.rtsreklam.com.tr\/tr\/wp-json\/wp\/v2\/product\/1021","targetHints":{"allow":["GET"]}}],"collection":[{"href":"https:\/\/www.rtsreklam.com.tr\/tr\/wp-json\/wp\/v2\/product"}],"about":[{"href":"https:\/\/www.rtsreklam.com.tr\/tr\/wp-json\/wp\/v2\/types\/product"}],"wp:featuredmedia":[{"embeddable":true,"href":"https:\/\/www.rtsreklam.com.tr\/tr\/wp-json\/wp\/v2\/media\/1022"}],"wp:attachment":[{"href":"https:\/\/www.rtsreklam.com.tr\/tr\/wp-json\/wp\/v2\/media?parent=1021"}],"wp:term":[{"taxonomy":"product_cat","embeddable":true,"href":"https:\/\/www.rtsreklam.com.tr\/tr\/wp-json\/wp\/v2\/product_cat?post=1021"},{"taxonomy":"product_tag","embeddable":true,"href":"https:\/\/www.rtsreklam.com.tr\/tr\/wp-json\/wp\/v2\/product_tag?post=1021"}],"curies":[{"name":"wp","href":"https:\/\/api.w.org\/{rel}","templated":true}]}}